{"id":488,"date":"2025-05-18T18:04:08","date_gmt":"2025-05-18T18:04:08","guid":{"rendered":"https:\/\/orokzoldapartmanok.hu\/?page_id=488"},"modified":"2025-05-18T18:16:22","modified_gmt":"2025-05-18T18:16:22","slug":"hazirend","status":"publish","type":"page","link":"https:\/\/orokzoldapartmanok.hu\/?page_id=488","title":{"rendered":"H\u00e1zirend"},"content":{"rendered":"\t\t<div data-elementor-type=\"wp-page\" data-elementor-id=\"488\" class=\"elementor elementor-488\">\n\t\t\t\t<div class=\"elementor-element elementor-element-fab529c e-flex e-con-boxed e-con e-parent\" data-id=\"fab529c\" data-element_type=\"container\" data-e-type=\"container\">\n\t\t\t\t\t<div class=\"e-con-inner\">\n\t\t\t\t<div class=\"elementor-element elementor-element-50e725e elementor-widget elementor-widget-text-editor\" data-id=\"50e725e\" data-element_type=\"widget\" data-e-type=\"widget\" data-widget_type=\"text-editor.default\">\n\t\t\t\t<div class=\"elementor-widget-container\">\n\t\t\t\t\t\t\t\t\t<h1>\u00a0<\/h1><h1>Feny\u0151Lak Apartman H\u00e1zirend<\/h1><p>Kedves vend\u00e9geink!<br \/>K\u00f6sz\u00f6nj\u00fck, hogy minket v\u00e1lasztottak a mindennapok kipihen\u00e9s\u00e9re.<br \/>Annak \u00e9rdek\u00e9ben, hogy a sz\u00e1ll\u00e1shely\u00fcnk\u00f6n t\u00f6lt\u00f6tt id\u0151 kellemes, a pihen\u00e9s\u00fck pedig<br \/>zavartalan legyen, k\u00e9rj\u00fck ismerkedjenek meg h\u00e1zirend\u00fcnkkel.<br \/>A sz\u00e1ll\u00e1s ig\u00e9nybev\u00e9tel\u00e9vel \u00d6n\u00f6k elismerik, \u00e9s elfogadj\u00e1k annak h\u00e1zirendj\u00e9t, valamint<br \/>k\u00f6telezetts\u00e9get v\u00e1llalnak az abban foglaltak betart\u00e1s\u00e1ra, \u00e9s felel\u0151ss\u00e9get v\u00e1llalnak a<br \/>h\u00e1zirend be nem tart\u00e1sa miatt okozott k\u00e1rok\u00e9rt. A h\u00e1zirend betart\u00e1sa az<br \/>apartmanban tart\u00f3zkod\u00f3 minden szem\u00e9ly sz\u00e1m\u00e1ra k\u00f6telez\u0151, a h\u00e1zirend b\u00e1rmilyen<br \/>nem\u0171 megs\u00e9rt\u00e9se azonnali t\u00e1voz\u00e1si k\u00f6telezetts\u00e9get von maga ut\u00e1n.<\/p><p>\u00a0<\/p><h3>\u25cf Bejelentkez\u00e9s \/ Kijelentkez\u00e9s<\/h3><p><br \/>A sz\u00e1ll\u00e1shely az \u00e9rkez\u00e9s napj\u00e1n 14 \u00f3r\u00e1t\u00f3l az elutaz\u00e1s napj\u00e1n d\u00e9lel\u0151tt 10 \u00f3r\u00e1ig \u00e1ll<br \/>rendelkez\u00e9sre.<br \/>K\u00fcl\u00f6n d\u00edjaz\u00e1s eset\u00e9ben lehet\u0151s\u00e9g van a sz\u00e1ll\u00e1s kor\u00e1bbi id\u0151pontban val\u00f3<br \/>elfoglal\u00e1s\u00e1hoz, illetve a t\u00e1voz\u00e1s napj\u00e1n t\u00f6rt\u00e9n\u0151 k\u00e9s\u0151bbi kijelentkez\u00e9shez. Azonban<br \/>mindk\u00e9t esetben el\u0151zetes egyeztet\u00e9sre van sz\u00fcks\u00e9g.<br \/>A sz\u00e1ll\u00e1s elfoglal\u00e1sakor a vend\u00e9g k\u00f6teles bemutatnia szem\u00e9lyi okm\u00e1ny\u00e1t annak<br \/>\u00e9rdek\u00e9ben, hogy a sz\u00e1ll\u00e1sad\u00f3 el tudja v\u00e9gezni a k\u00f6telez\u0151 adatszolg\u00e1ltat\u00e1st a VIZA<br \/>\u00e9s az NTAK fel\u00e9.<br \/>Amennyiben \u00fagy d\u00f6ntenek, hogy az itt tart\u00f3zkod\u00e1st el\u0151bb szak\u00edtj\u00e1k meg, nem \u00e1ll<br \/>m\u00f3dunkban a p\u00e9nzt visszafizetni.<br \/>T\u00e1voz\u00e1skor k\u00e9rj\u00fck a kapott kulcsokat hi\u00e1nytalanul visszaadni sz\u00edveskedjenek!<br \/>A kulcsok elveszt\u00e9se eset\u00e9n 15\u00a0000 Ft-ot sz\u00e1m\u00edtunk fel z\u00e1rcsere miatt.<\/p><h3>\u25cf Fizet\u00e9s<\/h3><p><br \/>A sz\u00e1ll\u00e1sd\u00edj \u00e9s az idegenforgalmi ad\u00f3 megfizet\u00e9se \u00e9rkez\u00e9s el\u0151tt t\u00f6rt\u00e9nik.<br \/>A sz\u00e1ll\u00e1sfoglal\u00e1sa a sz\u00e1ll\u00e1sd\u00edj 20 sz\u00e1zal\u00e9k\u00e1nak \u00e1tutal\u00e1sa ut\u00e1n l\u00e9p \u00e9rv\u00e9nybe. A fenn<br \/>marad\u00f3 \u00f6sszeg fizet\u00e9se lehets\u00e9ges k\u00e9szp\u00e9nzzel, k\u00e1rty\u00e1val, \u00e1tutal\u00e1ssal valamint<br \/>Sz\u00e9p k\u00e1rty\u00e1val<\/p><h3>\u25cf Szob\u00e1k \/ Berendez\u00e9si t\u00e1rgyak haszn\u00e1lata<\/h3><p><br \/>K\u00e9rj\u00fck a berendez\u00e9si t\u00e1rgyak rendeltet\u00e9sszer\u0171 haszn\u00e1lat\u00e1t! A szob\u00e1k berendez\u00e9s\u00e9t<br \/>\u00e9s felszerel\u00e9s\u00e9t, bele\u00e9rtve &#8211; p\u00e9ld\u00e1ul t\u00f6r\u00f6lk\u00f6z\u0151ket, pl\u00e9deket, \u00e1gynem\u0171t stb. &#8211; a h\u00e1zb\u00f3l<br \/>kivinni tilos! A kerti ki\u00fcl\u0151kh\u00f6z term\u00e9szetesen van k\u00fcl\u00f6n pl\u00e9d<br \/>Az e\u0301rkeze\u0301skor e\u0301s indula\u0301skor az apartmanokat megtekintju\u0308k. Az esetleges ka\u0301rok<br \/>okoza\u0301sa esete\u0301n, a ka\u0301rokat a vende\u0301ggel a helyszi\u0301nen rendezzu\u0308k.<br \/>Amennyiben b\u00e1rmilyen meghib\u00e1sod\u00e1st \u00e9szlel, k\u00e9rj\u00fck azonnal jelezze fel\u00e9nk a lent<br \/>megadott el\u00e9rhet\u0151s\u00e9gen. Ut\u00f3lagos reklam\u00e1ci\u00f3t sajnos nem \u00e1ll m\u00f3dunkban elfogadni.<\/p><h3><br \/>\u25cf \u00c9tkez\u00e9s<\/h3><p><br \/>A sz\u00e1ll\u00e1shely j\u00f3l felszerelt konyh\u00e1val rendelkezik, ahol lehet\u0151s\u00e9g van egyszer\u0171<br \/>\u00e9telek elk\u00e9sz\u00edt\u00e9s\u00e9re.<br \/>K\u00e9rj\u00fck, hogy a mikrohull\u00e1m\u00fa s\u00fct\u0151be ne tegyenek be f\u00e9met tartalmaz\u00f3 t\u00e1rgyat.<\/p><p>Takar\u00edt\u00e1s \/ Szem\u00e9tkezel\u00e9s<br \/>a. Az apartmant a vende\u0301gek tiszta\u0301n kapja\u0301k meg, ottle\u0301tu\u0308k alatt nem v\u00e9gz\u00fcnk,<br \/>csak k\u00fcl\u00f6n k\u00e9r\u00e9sre.<br \/>b. 7 napn\u00e1l hosszabb tart\u00f3zkod\u00e1s eset\u00e9n lehet\u0151s\u00e9g van \u00e1gynem\u0171\/ t\u00f6r\u00f6lk\u00f6z\u0151<br \/>cser\u00e9j\u00e9t, illetve takar\u00edt\u00e1st k\u00e9rni. (A takar\u00edt\u00e1s \u00f6sszege 15\u00a0000Ft)<br \/>A h\u00e1ztart\u00e1si szem\u00e9t gy\u0171jt\u00e9se a kijel\u00f6lt szemetesekben t\u00f6rt\u00e9nik. A szemetet hetente<br \/>elt\u00e1vol\u00edtj\u00e1k. K\u00e9rj\u00fck a szemetet ne hagyj\u00e1k a foly\u00f3sokon, ajt\u00f3k m\u00f6g\u00f6tt, vagy a<br \/>k\u00f6z\u00f6ss\u00e9gi tereken.<\/p><h3>\u25cf T\u0171zv\u00e9delem \/ Doh\u00e1nyz\u00e1s<\/h3><p><br \/>A sz\u00e1ll\u00e1shelyen \/ apartmanban doha\u0301nyozni szigoru\u0301an tilos! A doha\u0301nyza\u0301s az udvaron<br \/>a kijelo\u0308lt helyen to\u0308rte\u0301nhet. Ez minden alternat\u00edv doh\u00e1nyterm\u00e9kre vonatkozik.<br \/>(T\u00fczet rakni kiz\u00e1r\u00f3lag a kijel\u00f6lt t\u0171zrak\u00f3 helyen a kijel\u00f6lt farak\u00e1sb\u00f3l, sz\u00e9lcsendben,<br \/>egy v\u00f6d\u00f6r olt\u00f3v\u00edzzel felszerelkezve lehet. Tu\u030bz esete\u0301n a kijelo\u0308lt helyen tala\u0301lhato\u0301<br \/>porolto\u0301 ke\u0301szu\u0308le\u0301kkel azonnal kezdje az olt\u00e1st e\u0301s hi\u0301vja a tu\u030bzolto\u0301kat 105-o\u0308s sza\u0301mon<br \/>majd azt ko\u0308veto\u030ben \u00e9rtes\u00edtse a sza\u0301lla\u0301sado\u0301t is.)<\/p><h3>\u25cf Szolg\u00e1ltat\u00e1sok<\/h3><p><br \/>Parkol\u00e1s: A vend\u00e9gek r\u00e9sz\u00e9re a parkol\u00e1s az erre kijel\u00f6lt helyen ingyenes, az<br \/>apartman el\u0151tt 2aut\u00f3 valamint a kertben 1 aut\u00f3 parkol\u00e1s\u00e1ra van lehet\u0151s\u00e9g.<br \/>Wi-Fi: A sz\u00e1ll\u00e1shelyen a Wi-Fi haszn\u00e1lat ingyenes,<br \/>N\u00e9v: Telekom-6412D<br \/>Jelsz\u00f3:ac1gd2n22db79cdr<br \/>H\u00e1zi\u00e1llat: Pl. kistest\u0171 h\u00e1zi\u00e1llat behozatal\u00e1ra a sz\u00e1ll\u00e1sad\u00f3val val\u00f3 egyeztet\u00e9s ut\u00e1n<br \/>van lehet\u0151s\u00e9g.<br \/>Wellness: A sz\u00e1ll\u00e1shely rendelkezik wellness r\u00e9szleggel,( jakuzzi) melynek<br \/>ig\u00e9nybev\u00e9tel\u00e9t tartalmazza a sz\u00e1ll\u00e1s k\u00f6lts\u00e9ge. A Jakuzzi-t kiz\u00e1r\u00f3lag saj\u00e1t<br \/>felel\u0151ss\u00e9gre lehet haszn\u00e1lni.<br \/>K\u00e9r\u00e9sre rendelkez\u00e9sre \u00e1ll:. hordozhat\u00f3baba\u00e1gy, etet\u0151sz\u00e9k, babak\u00e1d<\/p><h3>\u25cf Egy\u00e9b<\/h3><p><br \/>Csendrendelet: A vend\u00e9gek \u00e9s a szomsz\u00e9dok nyugalm\u00e1nak biztos\u00edt\u00e1sa \u00e9rdek\u00e9ben<br \/>22.00 \u2013 08.00 \u00f3ra k\u00f6z\u00f6tt tilos hangoskodni, zen\u00e9lni vagy zen\u00e9t hallgatni.<br \/>Elvesztett \u00e9rt\u00e9kek: \u200b\u200bA szob\u00e1ban felejtett \u00e9rt\u00e9keket 6 h\u00f3napig \u00e1ll m\u00f3dunkban<br \/>meg\u0151rizni, s amennyiben a vend\u00e9g k\u00e9ri elpost\u00e1zzuk a megadott c\u00edmre.<br \/>A sz\u00e1ll\u00e1sad\u00f3 nem v\u00e1llal felel\u0151ss\u00e9get, \u00e9s k\u00e1rt\u00e9r\u00edt\u00e9st nem \u00e1ll m\u00f3dj\u00e1ban fizetni a..<br \/>&#8211; term\u00e9szeti csap\u00e1sokb\u00f3l ered\u0151 k\u00e1rok\u00e9rt, pl. j\u00e9ges\u0151, vill\u00e1mcsap\u00e1s<br \/>&#8211; a k\u00f6z\u00fczemi szolg\u00e1ltat\u00f3k h\u00e1l\u00f3zati meghib\u00e1sod\u00e1s\u00e1b\u00f3l, m\u0171k\u00f6d\u00e9s\u00e9nek hib\u00e1j\u00e1b\u00f3l<br \/>ered\u0151 kellemetlens\u00e9gek\u00e9rt vagy k\u00e1rok\u00e9rt<br \/>&#8211; Az esetleges balesetek\u00e9rt, szem\u00e9lyi s\u00e9r\u00fcl\u00e9sek\u00e9rt, vagyoni k\u00e1rok\u00e9rt.<br \/>A sz\u00e1ll\u00e1sad\u00f3 fenntartja a jogot, hogy a botr\u00e1nyosan viselked\u0151, a h\u00e1zirendet be nem<br \/>tart\u00f3 vend\u00e9geket nem fogadja, illetve a sz\u00e1ll\u00e1sr\u00f3l azonnal elt\u00e1vol\u00edtja.<\/p><p><strong>G\u00f6b\u00f6ly \u00c1gnes<\/strong><\/p><p>06-30-5352856<br \/>J\u00f3 pihen\u00e9st, kellemes id\u0151t\u00f6lt\u00e9st k\u00edv\u00e1nunk!<\/p>\t\t\t\t\t\t\t\t<\/div>\n\t\t\t\t<\/div>\n\t\t\t\t\t<\/div>\n\t\t\t\t<\/div>\n\t\t\t\t<\/div>\n\t\t","protected":false},"excerpt":{"rendered":"<p>\u00a0 Feny\u0151Lak Apartman H\u00e1zirend Kedves vend\u00e9geink!K\u00f6sz\u00f6nj\u00fck, hogy minket v\u00e1lasztottak a mindennapok kipihen\u00e9s\u00e9re.Annak \u00e9rdek\u00e9ben, hogy a sz\u00e1ll\u00e1shely\u00fcnk\u00f6n t\u00f6lt\u00f6tt id\u0151 kellemes, a pihen\u00e9s\u00fck pedigzavartalan legyen, k\u00e9rj\u00fck ismerkedjenek meg h\u00e1zirend\u00fcnkkel.A sz\u00e1ll\u00e1s ig\u00e9nybev\u00e9tel\u00e9vel \u00d6n\u00f6k elismerik, \u00e9s elfogadj\u00e1k annak h\u00e1zirendj\u00e9t, valamintk\u00f6telezetts\u00e9get v\u00e1llalnak az abban foglaltak betart\u00e1s\u00e1ra, \u00e9s felel\u0151ss\u00e9get v\u00e1llalnak ah\u00e1zirend be nem tart\u00e1sa miatt okozott k\u00e1rok\u00e9rt. A h\u00e1zirend betart\u00e1sa azapartmanban&hellip;&nbsp;<a href=\"https:\/\/orokzoldapartmanok.hu\/?page_id=488\" rel=\"bookmark\"><span class=\"screen-reader-text\">H\u00e1zirend<\/span><\/a><\/p>\n","protected":false},"author":1,"featured_media":0,"parent":0,"menu_order":0,"comment_status":"closed","ping_status":"closed","template":"page-templates\/template-pagebuilder-full-width.php","meta":{"neve_meta_sidebar":"","neve_meta_container":"","neve_meta_enable_content_width":"","neve_meta_content_width":0,"neve_meta_title_alignment":"","neve_meta_author_avatar":"","neve_post_elements_order":"","neve_meta_disable_header":"","neve_meta_disable_footer":"","neve_meta_disable_title":"","footnotes":""},"class_list":["post-488","page","type-page","status-publish","hentry"],"_links":{"self":[{"href":"https:\/\/orokzoldapartmanok.hu\/index.php?rest_route=\/wp\/v2\/pages\/488","targetHints":{"allow":["GET"]}}],"collection":[{"href":"https:\/\/orokzoldapartmanok.hu\/index.php?rest_route=\/wp\/v2\/pages"}],"about":[{"href":"https:\/\/orokzoldapartmanok.hu\/index.php?rest_route=\/wp\/v2\/types\/page"}],"author":[{"embeddable":true,"href":"https:\/\/orokzoldapartmanok.hu\/index.php?rest_route=\/wp\/v2\/users\/1"}],"replies":[{"embeddable":true,"href":"https:\/\/orokzoldapartmanok.hu\/index.php?rest_route=%2Fwp%2Fv2%2Fcomments&post=488"}],"version-history":[{"count":5,"href":"https:\/\/orokzoldapartmanok.hu\/index.php?rest_route=\/wp\/v2\/pages\/488\/revisions"}],"predecessor-version":[{"id":504,"href":"https:\/\/orokzoldapartmanok.hu\/index.php?rest_route=\/wp\/v2\/pages\/488\/revisions\/504"}],"wp:attachment":[{"href":"https:\/\/orokzoldapartmanok.hu\/index.php?rest_route=%2Fwp%2Fv2%2Fmedia&parent=488"}],"curies":[{"name":"wp","href":"https:\/\/api.w.org\/{rel}","templated":true}]}}