{"id":478,"date":"2025-05-18T17:57:55","date_gmt":"2025-05-18T17:57:55","guid":{"rendered":"https:\/\/orokzoldapartmanok.hu\/?page_id=478"},"modified":"2025-05-18T18:18:17","modified_gmt":"2025-05-18T18:18:17","slug":"ast","status":"publish","type":"page","link":"https:\/\/orokzoldapartmanok.hu\/?page_id=478","title":{"rendered":"\u00c1SZF"},"content":{"rendered":"\t\t<div data-elementor-type=\"wp-page\" data-elementor-id=\"478\" class=\"elementor elementor-478\">\n\t\t\t\t<div class=\"elementor-element elementor-element-b875129 e-flex e-con-boxed e-con e-parent\" data-id=\"b875129\" data-element_type=\"container\" data-e-type=\"container\">\n\t\t\t\t\t<div class=\"e-con-inner\">\n\t\t\t\t<div class=\"elementor-element elementor-element-5b8e6ca elementor-widget elementor-widget-text-editor\" data-id=\"5b8e6ca\" data-element_type=\"widget\" data-e-type=\"widget\" data-widget_type=\"text-editor.default\">\n\t\t\t\t<div class=\"elementor-widget-container\">\n\t\t\t\t\t\t\t\t\t<p>\u00a0<\/p><h1><strong>\u00c1ltal\u00e1nos Szerz\u0151d\u00e9si \u00e9s Felhaszn\u00e1l\u00e1si felt\u00e9telek<\/strong><\/h1><p>Jelen \u201e\u00c1ltal\u00e1nos Szerz\u0151d\u00e9si Felt\u00e9telek\u201d szab\u00e1lyozz\u00e1k a Szolg\u00e1ltat\u00f3 sz\u00e1ll\u00e1shely\u00e9nek,<br \/>\u00e9s szolg\u00e1ltat\u00e1sainak ig\u00e9nybev\u00e9tel\u00e9t. Az \u00c1ltal\u00e1nos Szerz\u0151d\u00e9si felt\u00e9telek szerint az<br \/>\u00fczemeltet\u0151, szolg\u00e1ltat\u00f3,<br \/>Feny\u0151Lak Apartman \u2013 G\u00f6b\u00f6ly \u00c1gnes ad\u00f3sz\u00e1mmal rendelkez\u0151 mag\u00e1nszem\u00e9ly 2145<br \/>Kerepes , Kiss J\u00f3zsef utca 89 tov\u00e1bbiakban Szolg\u00e1ltat\u00f3, elsz\u00e1ll\u00e1sol\u00e1si Szerz\u0151d\u00e9st<br \/>k\u00f6t a mag\u00e1nsz\u00e1ll\u00e1shely szolg\u00e1ltat\u00e1st ig\u00e9nybe vev\u0151 szem\u00e9lyekkel, szerz\u0151d\u0151 felekkel.<br \/>Szerz\u0151d\u0151 felek<br \/>V\u00e1s\u00e1rl\u00f3\/Vend\u00e9g: A sz\u00e1ll\u00e1shely szolg\u00e1ltat\u00e1s\u00e1t ig\u00e9nybe vev\u0151, a honlapon kereszt\u00fcl,<br \/>sz\u00e1ll\u00e1shely k\u00f6zvet\u00edt\u0151 oldalon kereszt\u00fcl, illetve a Szolg\u00e1ltat\u00f3n\u00e1l a<br \/><a href=\"mailto:fenyolakapartman@gmail.com\">fenyolakapartman@gmail.com<\/a> email c\u00edmen kereszt\u00fcl \u00edr\u00e1sban szolg\u00e1ltat\u00e1st v\u00e1s\u00e1rl\u00f3<br \/>szem\u00e9ly, aki az \u00c1SZF-et tudom\u00e1sul veszi \u00e9s mag\u00e1ra n\u00e9zve is k\u00f6telez\u0151nek fogadja el,<br \/>tov\u00e1bbiakban Vend\u00e9g<br \/>Szolg\u00e1ltat\u00f3: Feny\u0151Lak Apartman \u2013 G\u00f6b\u00f6ly \u00c1gnes. tov\u00e1bbiakban Szolg\u00e1ltat\u00f3<br \/>Elektronikus levelez\u00e9si c\u00edm: fenyolakapartman@gmail.com<br \/>Telefon: + 36 30-5352856<\/p><h3><strong>1. \u00c1ltal\u00e1nos Szerz\u0151d\u00e9si Felt\u00e9telek c\u00e9lja<\/strong><\/h3><p>Az \u00c1ltal\u00e1nos Szerz\u0151d\u00e9si Felt\u00e9telek (\u00c1SZF) Szolg\u00e1ltat\u00f3 \u00e9s a vele szerz\u0151d\u00e9ses<br \/>kapcsolatba l\u00e9p\u0151<br \/>Vend\u00e9g k\u00f6z\u00f6tt l\u00e9trej\u00f6v\u0151 jogviszony \u00e1ltal\u00e1nos felt\u00e9teleit tartalmazza. Az itt nem<br \/>szab\u00e1lyozott k\u00e9rd\u00e9seket illet\u0151en Szolg\u00e1ltat\u00f3 tev\u00e9kenys\u00e9g\u00e9re vonatkoz\u00f3 mindenkor<br \/>hat\u00e1lyos magyar jogszab\u00e1lyok \u00e9s hat\u00f3s\u00e1gi el\u0151\u00edr\u00e1sok, valamint a Polg\u00e1ri<br \/>T\u00f6rv\u00e9nyk\u00f6nyvben foglalt rendelkez\u00e9sek k\u00fcl\u00f6n kik\u00f6t\u00e9s n\u00e9lk\u00fcl ir\u00e1nyad\u00f3ak.<\/p><p>A Weboldal \u00e9s az az alapj\u00e1n ig\u00e9nybe vehet\u0151 szolg\u00e1ltat\u00e1s m\u0171k\u00f6d\u00e9s\u00e9vel \u00e9s<br \/>szerz\u0151d\u00e9sk\u00f6t\u00e9si folyamat\u00e1val kapcsolatosan felmer\u00fcl\u0151 k\u00e9rd\u00e9sek eset\u00e9n az al\u00e1bbi<br \/>el\u00e9rhet\u0151s\u00e9geken veheti fel velem a kapcsolatot:<\/p><h3><strong>2. \u00dczemeltet\u0151i adatok:<\/strong><\/h3><p><br \/>V\u00e1llalkoz\u00e1s neve: G\u00f6b\u00f6ly \u00c1gnes (a tov\u00e1bbiakban: szolg\u00e1ltat\u00f3)<\/p><p>Sz\u00e9khely\/postac\u00edm: 2145 Kerepes Kiss J\u00f3zsef utca 89<br \/>A v\u00e1llalkoz\u00e1s \u00fczleti tev\u00e9kenys\u00e9g\u00e9nek postai c\u00edme, azaz a vend\u00e9gh\u00e1z c\u00edme:<br \/>3388 POROSZL\u00d3 T\u0171zolt\u00f3 utca 11<br \/>Telefonsz\u00e1m: 06-30-5352856<br \/>Email: fenyolakapartman@gmail.com<br \/>Ad\u00f3sz\u00e1m:90083846-1-33<\/p><h3><strong>3. \u00a0A szerz\u0151d\u00e9s szerinti szolg\u00e1ltat\u00e1s l\u00e9nyeges tulajdons\u00e1gai<\/strong><\/h3><p>Ad\u00f3sz\u00e1mmal rendelkez\u0151 mag\u00e1nszem\u00e9lyk\u00e9nt sz\u00e1ll\u00e1shely-szolg\u00e1ltat\u00e1s keret\u00e9ben a<br \/>3388 Poroszl\u00f3 T\u0171zolt\u00f3 utca 11 sz\u00e1m alatt tal\u00e1lhat\u00f3 \u201eFeny\u0151Lak Apartman\u201d<br \/>megnevez\u00e9s\u0171 sz\u00e1ll\u00e1shely \u00fczemeltet\u00e9s\u00e9vel biztos\u00edtok sz\u00e1ll\u00e1shelyet az azt ig\u00e9nybe<br \/>vev\u0151 szem\u00e9lyek (a tov\u00e1bbiakban: vend\u00e9g) r\u00e9sz\u00e9re. A vend\u00e9gh\u00e1z teljesen felszerelt.<br \/>A sz\u00e1ll\u00e1s az \u00fcd\u00fcl\u00e9s megkezd\u00e9s\u00e9nek napj\u00e1n 14 \u00f3r\u00e1t\u00f3l foglalhat\u00f3 el, \u00e9s azt a t\u00e1voz\u00e1s<br \/>napj\u00e1n 10:00 \u00f3r\u00e1ig kell elhagyni tiszta \u00e9s rendezett \u00e1llapotban.<\/p><h3><strong>4. Megrendel\u00e9s<\/strong><\/h3><p>A sz\u00e1ll\u00e1shely foglal\u00e1sa, ez\u00e1ltal az erre ir\u00e1nyul\u00f3 szerz\u0151d\u00e9s megk\u00f6t\u00e9se vagy online a<br \/>honlapon kereszt\u00fcl, vagy e-mailben vagy szem\u00e9lyesen t\u00f6rt\u00e9nhet meg.<br \/>E-mail-ben t\u00f6rt\u00e9n\u0151 megrendel\u00e9s eset\u00e9n a foglal\u00e1snak tartalmaznia kell: a<br \/>megrendel\u0151 nev\u00e9t, az \u00e9rkez\u00e9s \u00e9s t\u00e1voz\u00e1s d\u00e1tum\u00e1t, a vend\u00e9gek sz\u00e1m\u00e1t.<br \/>A megrendel\u00e9s visszaigazol\u00e1sa szint\u00e9n minden esetben \u00edr\u00e1sban t\u00f6rt\u00e9nik.<br \/>A sz\u00e1ll\u00e1shely foglal\u00e1s\u00e1nak elind\u00edt\u00e1s\u00e1val egyetemben kijelentik, hogy az<br \/>\u00e1ltal\u00e1nos szerz\u0151d\u00e9si felt\u00e9teleket \u00e9s a h\u00e1zirendet elolvast\u00e1k, meg\u00e9rtett\u00e9k \u00e9s<br \/>elfogadt\u00e1k.<br \/>Amennyiben a megrendel\u00e9st a vend\u00e9g megb\u00edz\u00e1s\u00e1b\u00f3l egy harmadik szem\u00e9ly<br \/>(tov\u00e1bbiakban k\u00f6zvet\u00edt\u0151) adja le a szolg\u00e1ltat\u00f3nak, az egy\u00fcttm\u0171k\u00f6d\u00e9s felt\u00e9teleit a<\/p><p>szolg\u00e1ltat\u00f3 \u00e9s a k\u00f6zvet\u00edt\u0151 k\u00f6z\u00f6tt megk\u00f6t\u00f6tt szerz\u0151d\u00e9s szab\u00e1lyozza. Ebben az<br \/>esetben a szolg\u00e1ltat\u00f3 nem k\u00f6teles vizsg\u00e1lni, hogy a harmadik szem\u00e9ly jogszer\u0171en<br \/>k\u00e9pviseli-e a vend\u00e9get.<\/p><h3><strong>5. A sz\u00e1ll\u00e1s d\u00edja \u00e9s kiegyenl\u00edt\u00e9se<\/strong><\/h3><p>A foglal\u00e1st felt\u00e9telesen a visszaigazol\u00e1st\u00f3l sz\u00e1m\u00edtott 3\u00a0napig tartjuk, tov\u00e1bbi<br \/>visszajelz\u00e9s hi\u00e1ny\u00e1ban t\u00f6r\u00f6lj\u00fck. A foglal\u00f3 a sz\u00e1ll\u00e1sd\u00edj 20 %-a, melyet a megrendel\u00e9st<br \/>k\u00f6vet\u0151en 1 h\u00e9ten bel\u00fcl k\u00e9r\u00fcnk \u00e1tutalni HUF-ban a visszaigazol\u00e1sban megjel\u00f6lt<br \/>banksz\u00e1ml\u00e1ra. Amennyiben nem a foglal\u00e1st lead\u00f3 szem\u00e9ly banksz\u00e1ml\u00e1j\u00e1r\u00f3l t\u00f6rt\u00e9nik<br \/>az utal\u00e1s, k\u00e9rj\u00fck a k\u00f6zlem\u00e9ny rovatba felt\u00fcntetni a foglal\u00f3 nev\u00e9t, k\u00fcl\u00f6nben nem<br \/>tudjuk beazonos\u00edtani a befizet\u0151t. Amennyiben a vend\u00e9g teljes\u00edt\u00e9se hat\u00e1rid\u0151ig<br \/>meg\u00e9rkezik a szolg\u00e1ltat\u00f3 sz\u00e1ml\u00e1j\u00e1ra l\u00e9trej\u00f6n a szerz\u0151d\u00e9s. A fennmarad\u00f3 \u00f6sszeget<br \/>\u00fcd\u00fcl\u00e9s megkezd\u00e9sekor a sz\u00e1ll\u00e1s \u00e1tv\u00e9tel\u00e9t k\u00f6vet\u0151en k\u00e9rj\u00fck a helysz\u00ednen kiegyenl\u00edteni<br \/>k\u00e9szp\u00e9nzben, \u00e1tutal\u00e1ssal, bankk\u00e1rty\u00e1val vagy Sz\u00e9p k\u00e1rty\u00e1val.<br \/>A szerz\u0151d\u00e9s a foglal\u00e1s visszaigazol\u00e1s\u00e1val l\u00e9trej\u00f6ttnek tekintend\u0151. Viszont<br \/>amennyiben a vend\u00e9g \u00e1ltali foglal\u00f3 teljes\u00edt\u00e9se a visszaigazol\u00e1s napj\u00e1t k\u00f6vet\u0151 7<br \/>napt\u00e1ri napon bel\u00fcl nem t\u00f6rt\u00e9nik meg, abban az esetben a befizet\u00e9s elmarad\u00e1s\u00e1nak<br \/>hi\u00e1nya, mely a vend\u00e9gnek felr\u00f3hat\u00f3 szerz\u0151d\u00e9sszeg\u0151 magatart\u00e1snak min\u0151s\u00fcl, a<br \/>fizet\u00e9si hat\u00e1rid\u0151 utols\u00f3 napt\u00e1ri napj\u00e1t k\u00f6vet\u0151 nap 00:01 \u00f3rakor a szerz\u0151d\u00e9s hat\u00e1ly\u00e1t<br \/>megsz\u00fcnteti (bont\u00f3 felt\u00e9tel). Ez esetben a szerz\u0151d\u00e9s megsz\u0171n\u00e9se ok\u00e1n a foglal\u00e1s<br \/>t\u00f6rl\u00e9sre ker\u00fcl.<br \/>A sz\u00e1ll\u00e1sd\u00edj tartalmazza a sz\u00e1ll\u00e1s k\u00f6lts\u00e9g\u00e9t, a szolg\u00e1ltat\u00e1snak megfelel\u0151 k\u00f6zterheket,<br \/>kiv\u00e9ve a szem\u00e9lyenk\u00e9nt \u00e9s \u00e9jszak\u00e1nk\u00e9nt fizetend\u0151 idegenforgalmi ad\u00f3t.<br \/>A sz\u00e1ll\u00e1sd\u00edj tartalmazza a v\u00e9gtakar\u00edt\u00e1st, \u00e1gynem\u0171t, parkol\u00e1st az ingatlanhoz tartoz\u00f3<br \/>pihen\u0151kert, Jakuzzi, valamint grills\u00fct\u0151 \u00e9s s\u00fct\u00f6get\u0151 haszn\u00e1lat\u00e1t.<\/p><p>M\u00e1r v\u00e9gleges\u00edtett \u00e9s visszaigazolt foglal\u00e1s m\u00e1s d\u00e1tumra t\u00f6rt\u00e9n\u0151 \u00e1thelyez\u00e9s\u00e9re, vagy<br \/>a l\u00e9tsz\u00e1m m\u00f3dos\u00edt\u00e1s\u00e1ra a szabad kapacit\u00e1s f\u00fcggv\u00e9ny\u00e9ben van lehet\u0151s\u00e9g.<\/p><h3><strong>6. Egy\u00e9b felt\u00e9telek<\/strong><\/h3><p>A vend\u00e9gh\u00e1zban csak a bejelent\u0151lapon szerepl\u0151 vend\u00e9gek tart\u00f3zkodhatnak.<br \/>B\u00e1rmilyen ezzel a t\u00e1rgyk\u00f6rrel kapcsolatos probl\u00e9ma felmer\u00fcl\u00e9se eset\u00e9n, a<br \/>vend\u00e9gh\u00e1z tulajdonos\u00e1nak jog\u00e1ban \u00e1ll felmondani a szerz\u0151d\u00e9st.<br \/>Tov\u00e1bbi vend\u00e9g(ek)et fogadni, kiz\u00e1r\u00f3lag a vend\u00e9gh\u00e1z tulajdonos\u00e1nak el\u0151zetes<br \/>megk\u00e9rdez\u00e9se \u00e9s beleegyez\u00e9se eset\u00e9n megengedett.<br \/>A sz\u00e1ll\u00e1sad\u00f3 jogosult \u2013 el\u0151zetes bejelent\u00e9s n\u00e9lk\u00fcl \u2013 ellen\u0151rizni, hogy a sz\u00e1ll\u00e1shelyen,<br \/>a bejelent\u0151lapon, sz\u00e1ml\u00e1n szerepl\u0151 l\u00e9tsz\u00e1mban tart\u00f3zkodnak-e a vend\u00e9gek. Az<br \/>ellen\u0151rz\u00e9s nem j\u00e1rhat a vend\u00e9g zaklat\u00e1s\u00e1val \u00e9s az ellen\u0151rz\u00e9s, takar\u00edt\u00e1s sor\u00e1n a<br \/>vend\u00e9g szem\u00e9lyis\u00e9gi jogai tiszteletben tart\u00e1s\u00e1val kell elj\u00e1rni.<br \/>Az \u00e9p\u00fcletben doh\u00e1nyozni, gyerty\u00e1t valamint f\u00fcst\u00f6l\u0151t haszn\u00e1lni tilos! A kertben<br \/>doh\u00e1nyz\u00e1sra kijel\u00f6lt helyek \u00e1llnak a vend\u00e9gek rendelkez\u00e9s\u00e9re.<br \/>A vend\u00e9g t\u00e1voll\u00e9te sor\u00e1n a vend\u00e9gh\u00e1z tulajdonosa csak kiv\u00e9teles esetekben l\u00e9phet<br \/>be az ingatlan ter\u00fclet\u00e9re. Kiv\u00e9teles esetnek sz\u00e1m\u00edtanak, a k\u00f6zbel\u00e9p\u00e9s vagy b\u00e1rmif\u00e9le<br \/>biztons\u00e1gi \u00f3vint\u00e9zked\u00e9s egy esetleges anyagi k\u00e1r \u00e9s felmer\u00fcl\u0151 m\u0171szaki probl\u00e9m\u00e1k<br \/>elker\u00fcl\u00e9se \u00e9rdek\u00e9ben.<br \/>A vend\u00e9gh\u00e1z ter\u00fclet\u00e9n a sportol\u00e1si lehet\u0151s\u00e9g megengedett, de az esetleges<br \/>bek\u00f6vetkez\u0151 balesetek\u00e9rt felel\u0151ss\u00e9get nem v\u00e1llalunk. A k\u00fclt\u00e9ri Jakuzzit (m\u00e9lys\u00e9ge:<br \/>65cm) mindenki saj\u00e1t felel\u0151ss\u00e9g\u00e9re veheti ig\u00e9nybe, gyermek csak sz\u00fcl\u0151i fel\u00fcgyelettel<br \/>haszn\u00e1lhatja.<br \/>Az \u00e1tadott kulcsok esetleges elveszt\u00e9se eset\u00e9n a vend\u00e9gek k\u00f6telesek azt<br \/>halad\u00e9ktalanul jelezni \u00e9s annak \u00e1r\u00e1t, illetve a z\u00e1rcser\u00e9t a sz\u00e1ll\u00e1sad\u00f3nak megt\u00e9r\u00edteni.<br \/>Parkolni a vend\u00e9gh\u00e1z z\u00e1rt udvar\u00e1n lehet ill. a h\u00e1z el\u0151tt az utc\u00e1n (a parkol\u00e1s<br \/>ingyenes)<\/p><h3><strong>7. Reklam\u00e1ci\u00f3, panaszkezel\u00e9s<\/strong><\/h3><p>Amennyiben a foglal\u00e1s \u00e9s a sz\u00e1ll\u00e1shely ig\u00e9nybev\u00e9tele sor\u00e1n b\u00e1rmilyen panasza<br \/>mer\u00fcl fel, k\u00e9rj\u00fck, jelezze fel\u00e9nk a 2. pontban megjel\u00f6lt b\u00e1rmely el\u00e9rhet\u0151s\u00e9g\u00fcnk\u00f6n. A<br \/>panaszt minden esetben kivizsg\u00e1ljuk \u00e9s a panasz bejelent\u00e9s\u00e9r\u0151l t\u00f6rt\u00e9n\u0151<br \/>tudom\u00e1sszerz\u00e9s\u00fcnk id\u0151pontj\u00e1t\u00f3l sz\u00e1m\u00edtott 15 munkanapon bel\u00fcl v\u00e1laszt adunk az \u00d6n<\/p><p>r\u00e9sz\u00e9re. Ha ezen az \u00faton nem siker\u00fcl panasz\u00e1t rendezni, k\u00e9rj\u00fck, forduljon a jelen<br \/>\u00c1SZF-ben megjel\u00f6lt b\u00e9k\u00e9ltet\u0151 test\u00fclethez vagy az illet\u00e9kes fogyaszt\u00f3v\u00e9delmi<br \/>hat\u00f3s\u00e1ghoz.<\/p><p>Fogyaszt\u00f3v\u00e9delmi hat\u00f3s\u00e1g el\u00e9rhet\u0151s\u00e9ge:<br \/>Heves V\u00e1rmegyei Korm\u00e1nyhivatal K\u00f6zleked\u00e9si, M\u0171szaki Enged\u00e9lyez\u00e9si \u00e9s<br \/>Fogyaszt\u00f3v\u00e9delmi F\u0151oszt\u00e1ly Fogyaszt\u00f3v\u00e9delmi Oszt\u00e1ly<br \/>C\u00edm: 3300 Eger, Kossuth Lajos u. 26\u00a0.<\/p><h3><strong>8. El\u00e1ll\u00e1si \u00e9s felmond\u00e1si jog gyakorl\u00e1s\u00e1nak lehet\u0151s\u00e9ge \u00e9s k\u00f6vetkezm\u00e9nyei<\/strong><\/h3><p>A vend\u00e9g az el\u00e1ll\u00e1si jog\u00e1t a szerz\u0151d\u00e9s eset\u00e9ben a szerz\u0151d\u00e9s megk\u00f6t\u00e9s\u00e9nek<br \/>napj\u00e1t\u00f3l sz\u00e1m\u00edtott tizenn\u00e9gy napon bel\u00fcl gyakorolhatja, tov\u00e1bb\u00e1 ha a teljes\u00edt\u00e9s<br \/>megkezd\u0151dik, a vend\u00e9get indokol\u00e1s n\u00e9lk\u00fcli felmond\u00e1si jog illeti meg. A vend\u00e9get a<br \/>szerz\u0151d\u00e9s megk\u00f6t\u00e9se el\u0151tt (a\u00a0sz\u00e1ll\u00e1shely visszaigazol\u00e1sa el\u0151tt) megilleti az aj\u00e1nlat<br \/>visszavon\u00e1s\u00e1nak joga, ami a szerz\u0151d\u00e9s megk\u00f6t\u00e9s\u00e9re kiterjed\u0151 aj\u00e1nlati k\u00f6t\u00f6tts\u00e9get<br \/>megsz\u00fcnteti.<br \/>T\u00e1j\u00e9koztatom, hogy a vend\u00e9g k\u00f6teles megt\u00e9r\u00edteni a v\u00e1llalkoz\u00e1som \u00e9sszer\u0171 k\u00f6lts\u00e9geit,<br \/>ha a teljes\u00edt\u00e9s megkezd\u00e9s\u00e9t k\u00f6vet\u0151en gyakorolja a felmond\u00e1si jog\u00e1t.<br \/>T\u00e1j\u00e9koztatom tov\u00e1bb\u00e1, hogy amennyiben el\u00e1ll\u00e1si jog\u00e1t az \u00e9rkez\u00e9s napj\u00e1t<br \/>megel\u0151z\u0151en t\u00f6bb, mint 30 napt\u00e1ri nappal gyakorolja, a foglal\u00f3 \u00f6sszege visszaj\u00e1r.<br \/>Amennyiben el\u00e1ll\u00e1si jog\u00e1t az \u00e9rkez\u00e9s napj\u00e1t megel\u0151z\u0151 30 napt\u00e1ri napon bel\u00fcl<br \/>gyakorolja el\u00e1ll\u00e1si jog\u00e1t a vend\u00e9g, abban az esetben a foglal\u00f3 \u00f6sszege nem j\u00e1r<br \/>vissza.<br \/>A vend\u00e9g az \u0151t megillet\u0151 el\u00e1ll\u00e1si \u00e9s felmond\u00e1si jog\u00e1t a 45\/2014. (II. 26.) Korm.<br \/>rendelet 2. mell\u00e9klet\u00e9ben tal\u00e1lhat\u00f3 nyilatkozat minta felhaszn\u00e1l\u00e1s\u00e1val vagy az erre<br \/>vonatkoz\u00f3 egy\u00e9rtelm\u0171 nyilatkozat \u00fatj\u00e1n \u00edr\u00e1sban (e-mail vagy postai \u00faton)<br \/>gyakorolhatja, tov\u00e1bb\u00e1 sz\u00f3ban is. Annak elker\u00fcl\u00e9se \u00e9rdek\u00e9ben, hogy a vend\u00e9g<br \/>helyett olyan harmadik szem\u00e9ly gyakorolja sz\u00f3ban az el\u00e1ll\u00e1s jog\u00e1t \u2013 esetleg<br \/>megt\u00e9vesztve a szolg\u00e1ltat\u00f3t \u2013 akinek felhatalmaz\u00e1st a vend\u00e9g az el\u00e1ll\u00e1si<br \/>joggyakorl\u00e1sra nem adott, k\u00e9rj\u00fck, hogy a sz\u00f3beli el\u00e1ll\u00e1s vagy felmond\u00e1s gyakorl\u00e1sa<\/p><p>sor\u00e1n sz\u00edveskedjen megadni a foglal\u00e1s azonos\u00edt\u00f3 sz\u00e1m\u00e1t \u00e9s a beazonos\u00edt\u00e1shoz<br \/>sz\u00fcks\u00e9ges szem\u00e9lyes adatokat.<\/p><h3><strong>9.Adatv\u00e9delem<\/strong><\/h3><p>A Szolg\u00e1ltat\u00f3 fontosnak tartja a szem\u00e9lyes adatok v\u00e9delm\u00e9t, \u00e9s megtesz minden<br \/>olyan biztons\u00e1gi, technikai \u00e9s szervezeti int\u00e9zked\u00e9st, mely az adatok biztons\u00e1g\u00e1t<br \/>garant\u00e1lja, a vend\u00e9g adatokat az Adatkezel\u00e9si T\u00e1j\u00e9koztat\u00f3ban le\u00edrtaknak<br \/>megfelel\u0151en t\u00e1rolja.<br \/>A Szolg\u00e1ltat\u00f3 a Szerz\u0151d\u00e9sben foglalt k\u00f6telezetts\u00e9ge teljes\u00edt\u00e9se sor\u00e1n k\u00f6teles a<br \/>szem\u00e9lyes adatok v\u00e9delm\u00e9r\u0151l \u00e9s a k\u00f6z\u00e9rdek\u0171 adatok nyilv\u00e1noss\u00e1g\u00e1r\u00f3l sz\u00f3l\u00f3<br \/>hat\u00e1lyos jogszab\u00e1lyok \u00e9rv\u00e9nyes\u00edt\u00e9s\u00e9re ( Jelenlegi: 1992. \u00e9vi LXIII. T\u00f6rv\u00e9ny, valamint<br \/>a 2011. \u00e9vi CXII. Az inform\u00e1ci\u00f3s \u00f6nrendelkez\u00e9si jogr\u00f3l \u00e9s az inform\u00e1ci\u00f3<br \/>szabads\u00e1gr\u00f3l sz\u00f3l\u00f3 t\u00f6rv\u00e9ny adatv\u00e9delemmel kapcsolatos vonatkoz\u00f3 jogszab\u00e1lyok<br \/>rendelkez\u00e9seinek megfelel\u0151en elj\u00e1rni.<br \/>Vend\u00e9g tudom\u00e1sul veszi, hogy a Szolg\u00e1ltat\u00f3 t\u00f6rv\u00e9nyi felhatalmaz\u00e1s alapj\u00e1n k\u00f6teles a<br \/>megkeres\u0151 hat\u00f3s\u00e1g fel\u00e9 a t\u00f6rv\u00e9ny szerinti adatszolg\u00e1ltat\u00e1st teljes\u00edteni.<\/p>\t\t\t\t\t\t\t\t<\/div>\n\t\t\t\t<\/div>\n\t\t\t\t\t<\/div>\n\t\t\t\t<\/div>\n\t\t\t\t<\/div>\n\t\t","protected":false},"excerpt":{"rendered":"<p>\u00a0 \u00c1ltal\u00e1nos Szerz\u0151d\u00e9si \u00e9s Felhaszn\u00e1l\u00e1si felt\u00e9telek Jelen \u201e\u00c1ltal\u00e1nos Szerz\u0151d\u00e9si Felt\u00e9telek\u201d szab\u00e1lyozz\u00e1k a Szolg\u00e1ltat\u00f3 sz\u00e1ll\u00e1shely\u00e9nek,\u00e9s szolg\u00e1ltat\u00e1sainak ig\u00e9nybev\u00e9tel\u00e9t. Az \u00c1ltal\u00e1nos Szerz\u0151d\u00e9si felt\u00e9telek szerint az\u00fczemeltet\u0151, szolg\u00e1ltat\u00f3,Feny\u0151Lak Apartman \u2013 G\u00f6b\u00f6ly \u00c1gnes ad\u00f3sz\u00e1mmal rendelkez\u0151 mag\u00e1nszem\u00e9ly 2145Kerepes , Kiss J\u00f3zsef utca 89 tov\u00e1bbiakban Szolg\u00e1ltat\u00f3, elsz\u00e1ll\u00e1sol\u00e1si Szerz\u0151d\u00e9stk\u00f6t a mag\u00e1nsz\u00e1ll\u00e1shely szolg\u00e1ltat\u00e1st ig\u00e9nybe vev\u0151 szem\u00e9lyekkel, szerz\u0151d\u0151 felekkel.Szerz\u0151d\u0151 felekV\u00e1s\u00e1rl\u00f3\/Vend\u00e9g: A sz\u00e1ll\u00e1shely szolg\u00e1ltat\u00e1s\u00e1t ig\u00e9nybe vev\u0151, a&hellip;&nbsp;<a href=\"https:\/\/orokzoldapartmanok.hu\/?page_id=478\" rel=\"bookmark\"><span class=\"screen-reader-text\">\u00c1SZF<\/span><\/a><\/p>\n","protected":false},"author":1,"featured_media":0,"parent":0,"menu_order":0,"comment_status":"closed","ping_status":"closed","template":"page-templates\/template-pagebuilder-full-width.php","meta":{"neve_meta_sidebar":"","neve_meta_container":"","neve_meta_enable_content_width":"","neve_meta_content_width":0,"neve_meta_title_alignment":"","neve_meta_author_avatar":"","neve_post_elements_order":"","neve_meta_disable_header":"","neve_meta_disable_footer":"","neve_meta_disable_title":"","footnotes":""},"class_list":["post-478","page","type-page","status-publish","hentry"],"_links":{"self":[{"href":"https:\/\/orokzoldapartmanok.hu\/index.php?rest_route=\/wp\/v2\/pages\/478","targetHints":{"allow":["GET"]}}],"collection":[{"href":"https:\/\/orokzoldapartmanok.hu\/index.php?rest_route=\/wp\/v2\/pages"}],"about":[{"href":"https:\/\/orokzoldapartmanok.hu\/index.php?rest_route=\/wp\/v2\/types\/page"}],"author":[{"embeddable":true,"href":"https:\/\/orokzoldapartmanok.hu\/index.php?rest_route=\/wp\/v2\/users\/1"}],"replies":[{"embeddable":true,"href":"https:\/\/orokzoldapartmanok.hu\/index.php?rest_route=%2Fwp%2Fv2%2Fcomments&post=478"}],"version-history":[{"count":5,"href":"https:\/\/orokzoldapartmanok.hu\/index.php?rest_route=\/wp\/v2\/pages\/478\/revisions"}],"predecessor-version":[{"id":513,"href":"https:\/\/orokzoldapartmanok.hu\/index.php?rest_route=\/wp\/v2\/pages\/478\/revisions\/513"}],"wp:attachment":[{"href":"https:\/\/orokzoldapartmanok.hu\/index.php?rest_route=%2Fwp%2Fv2%2Fmedia&parent=478"}],"curies":[{"name":"wp","href":"https:\/\/api.w.org\/{rel}","templated":true}]}}