{"id":103,"date":"2025-02-13T12:33:51","date_gmt":"2025-02-13T12:33:51","guid":{"rendered":"https:\/\/orokzoldapartmanok.hu\/?page_id=103"},"modified":"2025-07-17T18:52:13","modified_gmt":"2025-07-17T18:52:13","slug":"fenyolak-apartman","status":"publish","type":"page","link":"https:\/\/orokzoldapartmanok.hu\/?page_id=103","title":{"rendered":"Feny\u0151lak Apartman"},"content":{"rendered":"\t\t<div data-elementor-type=\"wp-page\" data-elementor-id=\"103\" class=\"elementor elementor-103\">\n\t\t\t\t<div class=\"elementor-element elementor-element-6e913bd e-flex e-con-boxed e-con e-parent\" data-id=\"6e913bd\" data-element_type=\"container\" data-e-type=\"container\" data-settings=\"{&quot;background_background&quot;:&quot;gradient&quot;}\">\n\t\t\t\t\t<div class=\"e-con-inner\">\n\t\t\t\t<div class=\"elementor-element elementor-element-2a81d9d elementor-widget elementor-widget-spacer\" data-id=\"2a81d9d\" data-element_type=\"widget\" data-e-type=\"widget\" data-widget_type=\"spacer.default\">\n\t\t\t\t<div class=\"elementor-widget-container\">\n\t\t\t\t\t\t\t<div class=\"elementor-spacer\">\n\t\t\t<div class=\"elementor-spacer-inner\"><\/div>\n\t\t<\/div>\n\t\t\t\t\t\t<\/div>\n\t\t\t\t<\/div>\n\t\t\t\t<div class=\"elementor-element elementor-element-4065100 elementor-widget elementor-widget-heading\" data-id=\"4065100\" data-element_type=\"widget\" data-e-type=\"widget\" data-widget_type=\"heading.default\">\n\t\t\t\t<div class=\"elementor-widget-container\">\n\t\t\t\t\t<h2 class=\"elementor-heading-title elementor-size-default\">Apartmanok <\/h2>\t\t\t\t<\/div>\n\t\t\t\t<\/div>\n\t\t\t\t<div class=\"elementor-element elementor-element-75659b7 elementor-widget elementor-widget-spacer\" data-id=\"75659b7\" data-element_type=\"widget\" data-e-type=\"widget\" data-widget_type=\"spacer.default\">\n\t\t\t\t<div class=\"elementor-widget-container\">\n\t\t\t\t\t\t\t<div class=\"elementor-spacer\">\n\t\t\t<div class=\"elementor-spacer-inner\"><\/div>\n\t\t<\/div>\n\t\t\t\t\t\t<\/div>\n\t\t\t\t<\/div>\n\t\t\t\t<div class=\"elementor-element elementor-element-40413f5 elementor-widget elementor-widget-text-editor\" data-id=\"40413f5\" data-element_type=\"widget\" data-e-type=\"widget\" data-widget_type=\"text-editor.default\">\n\t\t\t\t<div class=\"elementor-widget-container\">\n\t\t\t\t\t\t\t\t\t<p class=\"cvGsUA direction-ltr align-start para-style-body\">Az apartmanhoz egy kert tartozik ahol<br>grillez\u00e9si lehet\u0151s\u00e9g, s\u00fct\u00f6get\u00e9si lehet\u0151s\u00e9g valamint egy n\u00e9gy szem\u00e9lyes jakuzzi haszn\u00e1lhat\u00f3.<br>Napoz\u00f3\u00e1gy, rattan \u00fcl\u0151sz\u00e9kek \u00e9s \u00e1rny\u00e9kol\u00f3 szolg\u00e1lja a k\u00e9nyelmet.<\/p>\t\t\t\t\t\t\t\t<\/div>\n\t\t\t\t<\/div>\n\t\t<div class=\"elementor-element elementor-element-fca42d2 e-grid e-con-full e-con e-child\" data-id=\"fca42d2\" data-element_type=\"container\" data-e-type=\"container\">\n\t\t<div class=\"elementor-element elementor-element-6484f9b e-con-full e-flex e-con e-child\" data-id=\"6484f9b\" data-element_type=\"container\" data-e-type=\"container\">\n\t\t\t\t<div class=\"elementor-element elementor-element-fc9b4e2 elementor-widget elementor-widget-spacer\" data-id=\"fc9b4e2\" data-element_type=\"widget\" data-e-type=\"widget\" data-widget_type=\"spacer.default\">\n\t\t\t\t<div class=\"elementor-widget-container\">\n\t\t\t\t\t\t\t<div class=\"elementor-spacer\">\n\t\t\t<div class=\"elementor-spacer-inner\"><\/div>\n\t\t<\/div>\n\t\t\t\t\t\t<\/div>\n\t\t\t\t<\/div>\n\t\t\t\t<div class=\"elementor-element elementor-element-4909a9a elementor-widget elementor-widget-image\" data-id=\"4909a9a\" data-element_type=\"widget\" data-e-type=\"widget\" data-widget_type=\"image.default\">\n\t\t\t\t<div class=\"elementor-widget-container\">\n\t\t\t\t\t\t\t\t\t\t\t\t\t\t\t<img decoding=\"async\" src=\"http:\/\/orokzoldapartmanok.hu\/wp-content\/uploads\/2025\/02\/Orokzold-Apartmanok-4-1.png\" title=\"\" alt=\"\" loading=\"lazy\" \/>\t\t\t\t\t\t\t\t\t\t\t\t\t\t\t<\/div>\n\t\t\t\t<\/div>\n\t\t\t\t<div class=\"elementor-element elementor-element-9685d09 elementor-widget elementor-widget-spacer\" data-id=\"9685d09\" data-element_type=\"widget\" data-e-type=\"widget\" data-widget_type=\"spacer.default\">\n\t\t\t\t<div class=\"elementor-widget-container\">\n\t\t\t\t\t\t\t<div class=\"elementor-spacer\">\n\t\t\t<div class=\"elementor-spacer-inner\"><\/div>\n\t\t<\/div>\n\t\t\t\t\t\t<\/div>\n\t\t\t\t<\/div>\n\t\t\t\t<div class=\"elementor-element elementor-element-a04b55d elementor-widget elementor-widget-image\" data-id=\"a04b55d\" data-element_type=\"widget\" data-e-type=\"widget\" data-widget_type=\"image.default\">\n\t\t\t\t<div class=\"elementor-widget-container\">\n\t\t\t\t\t\t\t\t\t\t\t\t\t\t\t<img decoding=\"async\" src=\"http:\/\/orokzoldapartmanok.hu\/wp-content\/uploads\/2025\/02\/ikonok.png\" title=\"\" alt=\"\" loading=\"lazy\" \/>\t\t\t\t\t\t\t\t\t\t\t\t\t\t\t<\/div>\n\t\t\t\t<\/div>\n\t\t\t\t<div class=\"elementor-element elementor-element-be197ab elementor-widget elementor-widget-spacer\" data-id=\"be197ab\" data-element_type=\"widget\" data-e-type=\"widget\" data-widget_type=\"spacer.default\">\n\t\t\t\t<div class=\"elementor-widget-container\">\n\t\t\t\t\t\t\t<div class=\"elementor-spacer\">\n\t\t\t<div class=\"elementor-spacer-inner\"><\/div>\n\t\t<\/div>\n\t\t\t\t\t\t<\/div>\n\t\t\t\t<\/div>\n\t\t\t\t<div class=\"elementor-element elementor-element-ed99a98 elementor-align-justify elementor-widget elementor-widget-button\" data-id=\"ed99a98\" data-element_type=\"widget\" data-e-type=\"widget\" data-widget_type=\"button.default\">\n\t\t\t\t<div class=\"elementor-widget-container\">\n\t\t\t\t\t\t\t\t\t<div class=\"elementor-button-wrapper\">\n\t\t\t\t\t<a class=\"elementor-button elementor-button-link elementor-size-sm\" href=\"https:\/\/orokzoldapartmanok.hu\/?page_id=109\">\n\t\t\t\t\t\t<span class=\"elementor-button-content-wrapper\">\n\t\t\t\t\t\t\t\t\t<span class=\"elementor-button-text\">Tov\u00e1bb a gal\u00e9ri\u00e1ba<\/span>\n\t\t\t\t\t<\/span>\n\t\t\t\t\t<\/a>\n\t\t\t\t<\/div>\n\t\t\t\t\t\t\t\t<\/div>\n\t\t\t\t<\/div>\n\t\t\t\t<\/div>\n\t\t<div class=\"elementor-element elementor-element-0a056d5 e-con-full e-flex e-con e-child\" data-id=\"0a056d5\" data-element_type=\"container\" data-e-type=\"container\">\n\t\t\t\t<div class=\"elementor-element elementor-element-51b3ee9 elementor-widget elementor-widget-heading\" data-id=\"51b3ee9\" data-element_type=\"widget\" data-e-type=\"widget\" data-widget_type=\"heading.default\">\n\t\t\t\t<div class=\"elementor-widget-container\">\n\t\t\t\t\t<h2 class=\"elementor-heading-title elementor-size-default\">1. Apartman\n(Toboz lak)<\/h2>\t\t\t\t<\/div>\n\t\t\t\t<\/div>\n\t\t\t\t<div class=\"elementor-element elementor-element-6f9a0e7 elementor-widget elementor-widget-text-editor\" data-id=\"6f9a0e7\" data-element_type=\"widget\" data-e-type=\"widget\" data-widget_type=\"text-editor.default\">\n\t\t\t\t<div class=\"elementor-widget-container\">\n\t\t\t\t\t\t\t\t\t<p class=\"cvGsUA direction-ltr align-start para-style-body\"><span class=\"OYPEnA font-feature-liga-off font-feature-clig-off font-feature-calt-off text-decoration-none text-strikethrough-none\">Befogad\u00f3k\u00e9pess\u00e9g: 1\u20134 f\u0151<br \/><\/span><span class=\"OYPEnA font-feature-liga-off font-feature-clig-off font-feature-calt-off text-decoration-none text-strikethrough-none\"><strong>Szob\u00e1k<\/strong><br \/><\/span><span class=\"OYPEnA font-feature-liga-off font-feature-clig-off font-feature-calt-off text-decoration-none text-strikethrough-none\">H\u00e1l\u00f3szoba: 1 db francia\u00e1gy<br \/><\/span><span class=\"OYPEnA font-feature-liga-off font-feature-clig-off font-feature-calt-off text-decoration-none text-strikethrough-none\">Nappali &amp; Konyha: 1 db kinyithat\u00f3, \u00e1gyazhat\u00f3 kanap\u00e9<\/span><\/p><p class=\"cvGsUA direction-ltr align-start para-style-body\"><span class=\"OYPEnA font-feature-liga-off font-feature-clig-off font-feature-calt-off text-decoration-none text-strikethrough-none\"><strong>Felszerelts\u00e9g<\/strong><br \/><\/span><span class=\"OYPEnA font-feature-liga-off font-feature-clig-off font-feature-calt-off text-decoration-none text-strikethrough-none\">L\u00e9gkondicion\u00e1l\u00f3<br \/><\/span><span class=\"OYPEnA font-feature-liga-off font-feature-clig-off font-feature-calt-off text-decoration-none text-strikethrough-none\">Teljesen felszerelt konyha<br \/><\/span><span class=\"OYPEnA font-feature-liga-off font-feature-clig-off font-feature-calt-off text-decoration-none text-strikethrough-none\">TV \u00e9s ingyenes internet<\/span><\/p><p class=\"cvGsUA direction-ltr align-start para-style-body\"><span class=\"OYPEnA font-feature-liga-off font-feature-clig-off font-feature-calt-off text-decoration-none text-strikethrough-none\"><strong>Bejut\u00e1s<\/strong><br \/><\/span><span class=\"OYPEnA font-feature-liga-off font-feature-clig-off font-feature-calt-off text-decoration-none text-strikethrough-none\">K\u00f3dos bel\u00e9ptet\u00e9s &amp; kulcssz\u00e9f<\/span><\/p><p class=\"cvGsUA direction-ltr align-start para-style-body\"><span class=\"OYPEnA font-feature-liga-off font-feature-clig-off font-feature-calt-off text-decoration-none text-strikethrough-none\">Fontos Inform\u00e1ci\u00f3k<br \/><\/span><span class=\"OYPEnA font-feature-liga-off font-feature-clig-off font-feature-calt-off text-decoration-none text-strikethrough-none\">Doh\u00e1nyz\u00e1s: az \u00e9p\u00fcletben tilos<br \/><\/span><span class=\"OYPEnA font-feature-liga-off font-feature-clig-off font-feature-calt-off text-decoration-none text-strikethrough-none\">Kijel\u00f6lt doh\u00e1nyz\u00f3hely biztos\u00edtott<br \/><\/span><span class=\"OYPEnA font-feature-liga-off font-feature-clig-off font-feature-calt-off text-decoration-none text-strikethrough-none\">F\u00fcstjelz\u0151 \u00e9s t\u0171zolt\u00f3 k\u00e9sz\u00fcl\u00e9k<\/span><\/p><p class=\"cvGsUA direction-ltr align-start para-style-body\"><strong><span class=\"OYPEnA font-feature-liga-off font-feature-clig-off font-feature-calt-off text-decoration-none text-strikethrough-none\">Parkol\u00e1s<br \/><\/span><\/strong><span class=\"OYPEnA font-feature-liga-off font-feature-clig-off font-feature-calt-off text-decoration-none text-strikethrough-none\">Ingyenes parkol\u00e1s az apartman el\u0151tt, k\u00f6zter\u00fcleten \u00e9s 1db be\u00e1ll\u00f3 a kertben.<\/span><\/p>\t\t\t\t\t\t\t\t<\/div>\n\t\t\t\t<\/div>\n\t\t\t\t<\/div>\n\t\t\t\t<\/div>\n\t\t\t\t<div class=\"elementor-element elementor-element-ce9c9af elementor-widget elementor-widget-spacer\" data-id=\"ce9c9af\" data-element_type=\"widget\" data-e-type=\"widget\" data-widget_type=\"spacer.default\">\n\t\t\t\t<div class=\"elementor-widget-container\">\n\t\t\t\t\t\t\t<div class=\"elementor-spacer\">\n\t\t\t<div class=\"elementor-spacer-inner\"><\/div>\n\t\t<\/div>\n\t\t\t\t\t\t<\/div>\n\t\t\t\t<\/div>\n\t\t\t\t\t<\/div>\n\t\t\t\t<\/div>\n\t\t\t\t<\/div>\n\t\t","protected":false},"excerpt":{"rendered":"<p>Apartmanok Az apartmanhoz egy kert tartozik aholgrillez\u00e9si lehet\u0151s\u00e9g, s\u00fct\u00f6get\u00e9si lehet\u0151s\u00e9g valamint egy n\u00e9gy szem\u00e9lyes jakuzzi haszn\u00e1lhat\u00f3.Napoz\u00f3\u00e1gy, rattan \u00fcl\u0151sz\u00e9kek \u00e9s \u00e1rny\u00e9kol\u00f3 szolg\u00e1lja a k\u00e9nyelmet. Tov\u00e1bb a gal\u00e9ri\u00e1ba 1. Apartman (Toboz lak) Befogad\u00f3k\u00e9pess\u00e9g: 1\u20134 f\u0151Szob\u00e1kH\u00e1l\u00f3szoba: 1 db francia\u00e1gyNappali &amp; Konyha: 1 db kinyithat\u00f3, \u00e1gyazhat\u00f3 kanap\u00e9 Felszerelts\u00e9gL\u00e9gkondicion\u00e1l\u00f3Teljesen felszerelt konyhaTV \u00e9s ingyenes internet Bejut\u00e1sK\u00f3dos bel\u00e9ptet\u00e9s &amp; kulcssz\u00e9f Fontos Inform\u00e1ci\u00f3kDoh\u00e1nyz\u00e1s:&hellip;&nbsp;<a href=\"https:\/\/orokzoldapartmanok.hu\/?page_id=103\" rel=\"bookmark\"><span class=\"screen-reader-text\">Feny\u0151lak Apartman<\/span><\/a><\/p>\n","protected":false},"author":1,"featured_media":0,"parent":0,"menu_order":0,"comment_status":"closed","ping_status":"closed","template":"page-templates\/template-pagebuilder-full-width.php","meta":{"neve_meta_sidebar":"","neve_meta_container":"","neve_meta_enable_content_width":"","neve_meta_content_width":0,"neve_meta_title_alignment":"","neve_meta_author_avatar":"","neve_post_elements_order":"","neve_meta_disable_header":"","neve_meta_disable_footer":"","neve_meta_disable_title":"on","footnotes":""},"class_list":["post-103","page","type-page","status-publish","hentry"],"_links":{"self":[{"href":"https:\/\/orokzoldapartmanok.hu\/index.php?rest_route=\/wp\/v2\/pages\/103","targetHints":{"allow":["GET"]}}],"collection":[{"href":"https:\/\/orokzoldapartmanok.hu\/index.php?rest_route=\/wp\/v2\/pages"}],"about":[{"href":"https:\/\/orokzoldapartmanok.hu\/index.php?rest_route=\/wp\/v2\/types\/page"}],"author":[{"embeddable":true,"href":"https:\/\/orokzoldapartmanok.hu\/index.php?rest_route=\/wp\/v2\/users\/1"}],"replies":[{"embeddable":true,"href":"https:\/\/orokzoldapartmanok.hu\/index.php?rest_route=%2Fwp%2Fv2%2Fcomments&post=103"}],"version-history":[{"count":5,"href":"https:\/\/orokzoldapartmanok.hu\/index.php?rest_route=\/wp\/v2\/pages\/103\/revisions"}],"predecessor-version":[{"id":698,"href":"https:\/\/orokzoldapartmanok.hu\/index.php?rest_route=\/wp\/v2\/pages\/103\/revisions\/698"}],"wp:attachment":[{"href":"https:\/\/orokzoldapartmanok.hu\/index.php?rest_route=%2Fwp%2Fv2%2Fmedia&parent=103"}],"curies":[{"name":"wp","href":"https:\/\/api.w.org\/{rel}","templated":true}]}}